{"id":588,"date":"2020-09-01T11:24:43","date_gmt":"2020-09-01T08:24:43","guid":{"rendered":"https:\/\/sd.flotlife.com\/?page_id=588"},"modified":"2020-09-01T11:24:43","modified_gmt":"2020-09-01T08:24:43","slug":"lietosanas-noteikumi","status":"publish","type":"page","link":"https:\/\/sd.flotlife.com\/lv\/lietosanas-noteikumi\/","title":{"rendered":"LIETO\u0160ANAS NOTEIKUMI"},"content":{"rendered":"\n<p>Laipni l\u016bdzam m\u016bsu t\u012bmek\u013ca vietn\u0113. Ja j\u016bs turpin\u0101t p\u0101rl\u016bkot un izmantot \u0161o t\u012bmek\u013ca vietni, j\u016bs piekr\u012btat iev\u0113rot \u0161os lieto\u0161anas noteikumus. \u0160o t\u012bmek\u013ca vietni ir izstr\u0101d\u0101jusi SIA \u201cBC Engineering\u201d (turpm\u0101k tekst\u0101 \u2013 \u201cBC Engineering\u201d vai \u201cm\u0113s\u201d), kuras juridisk\u0101 adrese ir \u0100rai\u0161u iela 6-9, R\u012bga, LV-1006, Latvija un kura ar\u012b administr\u0113 \u0161o vietni. Ja nepiekr\u012btat k\u0101dam no \u0161iem noteikumiem un nosac\u012bjumiem, l\u016bdzu, neizmantojiet m\u016bsu m\u0101jas lapu. Termins \u201cj\u016bs\u201d attiecas uz m\u016bsu m\u0101jas lapas lietot\u0101ju vai skat\u012bt\u0101ju.<\/p>\n\n\n\n<p>Uz \u0161o t\u012bmek\u013ca vietni attiecas \u0161\u0101di lieto\u0161anas noteikumi:<\/p>\n\n\n\n<ol class=\"wp-block-list\"><li>\u0160\u012bs vietnes lapu saturs ir paredz\u0113ts tikai j\u016bsu visp\u0101r\u0113jai inform\u0101cijai un lieto\u0161anai. M\u0113s to varam main\u012bt bez iepriek\u0161\u0113ja br\u012bdin\u0101juma.<\/li><li>\u0160\u012b vietne izmanto s\u012bkdatnes, lai uzlabotu j\u016bsu \u0113rt\u012bbu, p\u0101rl\u016bkojot vietni. S\u012bkdat\u0146u izmanto\u0161ana ir s\u012bk\u0101k aprakst\u012bta&nbsp;<a href=\"http:\/\/flotlife.lv\/privacy-policy\">priv\u0101tuma politik\u0101<\/a>.<\/li><li>Ne m\u0113s, ne k\u0101das tre\u0161\u0101s personas nesniedz nek\u0101das garantijas attiec\u012bb\u0101 uz \u0161aj\u0101 t\u012bmek\u013ca vietn\u0113 atrast\u0101s vai pied\u0101v\u0101t\u0101s inform\u0101cijas precizit\u0101ti, savlaic\u012bgumu, veiktsp\u0113ju, piln\u012bgumu vai piem\u0113rot\u012bbu k\u0101dam konkr\u0113tam m\u0113r\u0137im. J\u016bs atz\u012bstat, ka \u0161\u0101da inform\u0101cija un materi\u0101li var satur\u0113t neprecizit\u0101tes vai k\u013c\u016bdas, un m\u0113s nep\u0101rprotami izsl\u0113dzam atbild\u012bbu par \u0161\u0101d\u0101m neprecizit\u0101t\u0113m vai k\u013c\u016bd\u0101m, cikt\u0101l tas ir at\u013cauts likum\u0101.<\/li><li>\u0160\u012bs t\u012bmek\u013ca vietnes inform\u0101cijas vai materi\u0101lu izmanto\u0161ana ir piln\u012bb\u0101 pak\u013cauta j\u016bsu pa\u0161u riskam, par kuru m\u0113s neb\u016bsim atbild\u012bgi. \u0160aj\u0101 t\u012bmek\u013ca vietn\u0113 ir pieejami materi\u0101li, kas pieder mums vai ir mums licenc\u0113ti. \u0160ie materi\u0101li ietver, bet ne tikai, dizainu, izk\u0101rtojumu, izskatu un grafiskos elementus. Jebk\u0101da \u0161\u012bs vietnes satura da\u013cu reproduc\u0113\u0161ana ir aizliegta.<\/li><li>\u0160\u012b t\u012bmek\u013ca vietne satur pre\u010du z\u012bmes, kas nav m\u016bsu \u012bpa\u0161ums vai nav licenc\u0113tas mums.<\/li><li>\u0160\u012bs t\u012bmek\u013ca vietnes neat\u013cauta izmanto\u0161ana var rad\u012bt pras\u012bbu par zaud\u0113jumu atl\u012bdz\u012bbu un \/ vai tikt uzskat\u012bta par noziedz\u012bgu nodar\u012bjumu.<\/li><li>Laiku pa laikam \u0161aj\u0101 t\u012bmek\u013ca vietn\u0113 var b\u016bt ar\u012b saites uz cit\u0101m t\u012bmek\u013ca vietn\u0113m. \u0160\u012bs saites ir pieejamas j\u016bsu \u0113rt\u012bbai, lai sniegtu papildu inform\u0101ciju. \u0160o sai\u0161u esam\u012bba \u0161aj\u0101 vietn\u0113 nenoz\u012bm\u0113, ka m\u0113s atbildam par attiec\u012bgaj\u0101s vietn\u0113s atrodamo saturu.<\/li><li>\u0160\u012bs vietnes lieto\u0161ana un jebkur\u0161 str\u012bds, kas rodas no \u0161\u012bs t\u012bmek\u013ca vietnes izmanto\u0161anas, ir pak\u013cauts Latvijas Republikas likumiem.<\/li><\/ol>\n","protected":false},"excerpt":{"rendered":"<p>Laipni l\u016bdzam m\u016bsu t\u012bmek\u013ca vietn\u0113. Ja j\u016bs turpin\u0101t p\u0101rl\u016bkot un izmantot \u0161o t\u012bmek\u013ca vietni, j\u016bs piekr\u012btat iev\u0113rot \u0161os lieto\u0161anas noteikumus. \u0160o t\u012bmek\u013ca vietni ir izstr\u0101d\u0101jusi SIA \u201cBC Engineering\u201d (turpm\u0101k tekst\u0101 \u2013 \u201cBC Engineering\u201d vai \u201cm\u0113s\u201d), kuras juridisk\u0101 adrese ir \u0100rai\u0161u iela 6-9, R\u012bga, LV-1006, Latvija un kura ar\u012b administr\u0113 \u0161o vietni. Ja nepiekr\u012btat k\u0101dam no [&hellip;]<\/p>\n","protected":false},"author":1,"featured_media":0,"parent":0,"menu_order":0,"comment_status":"closed","ping_status":"open","template":"","meta":{"footnotes":""},"class_list":["post-588","page","type-page","status-publish","hentry"],"_links":{"self":[{"href":"https:\/\/sd.flotlife.com\/lv\/wp-json\/wp\/v2\/pages\/588","targetHints":{"allow":["GET"]}}],"collection":[{"href":"https:\/\/sd.flotlife.com\/lv\/wp-json\/wp\/v2\/pages"}],"about":[{"href":"https:\/\/sd.flotlife.com\/lv\/wp-json\/wp\/v2\/types\/page"}],"author":[{"embeddable":true,"href":"https:\/\/sd.flotlife.com\/lv\/wp-json\/wp\/v2\/users\/1"}],"replies":[{"embeddable":true,"href":"https:\/\/sd.flotlife.com\/lv\/wp-json\/wp\/v2\/comments?post=588"}],"version-history":[{"count":1,"href":"https:\/\/sd.flotlife.com\/lv\/wp-json\/wp\/v2\/pages\/588\/revisions"}],"predecessor-version":[{"id":589,"href":"https:\/\/sd.flotlife.com\/lv\/wp-json\/wp\/v2\/pages\/588\/revisions\/589"}],"wp:attachment":[{"href":"https:\/\/sd.flotlife.com\/lv\/wp-json\/wp\/v2\/media?parent=588"}],"curies":[{"name":"wp","href":"https:\/\/api.w.org\/{rel}","templated":true}]}}