{"id":590,"date":"2020-09-01T11:26:02","date_gmt":"2020-09-01T08:26:02","guid":{"rendered":"https:\/\/sd.flotlife.com\/?page_id=590"},"modified":"2020-09-01T11:26:02","modified_gmt":"2020-09-01T08:26:02","slug":"privatuma-politika","status":"publish","type":"page","link":"https:\/\/sd.flotlife.com\/lv\/privatuma-politika\/","title":{"rendered":"PRIV\u0100TUMA POLITIKA"},"content":{"rendered":"\n<p>\u0160o t\u012bmek\u013ca vietni (turpm\u0101k tekst\u0101 \u2013 \u201cT\u012bmek\u013ca vietne\u201d) p\u0101rvalda SIA \u201cBC Engineering\u201d (\u201cmums\u201d, \u201cm\u0113s\u201d vai \u201em\u016bsu\u201d). Pla\u0161\u0101ku inform\u0101ciju par t\u012bmek\u013ca vietnes sniedz\u0113ju, l\u016bdzu, skatiet sada\u013c\u0101&nbsp;<a href=\"http:\/\/flotlife.lv\/imprint\">Zi\u0146as par izdev\u0113ju<\/a>.<\/p>\n\n\n\n<p>\u0160\u012b lapa inform\u0113 j\u016bs par m\u016bsu politiku attiec\u012bb\u0101 uz personas datu v\u0101k\u0161anu, izmanto\u0161anu un izpau\u0161anu, kad izmantojat m\u016bsu vietni un izv\u0113li, kuru saist\u0101t ar \u0161iem datiem.<\/p>\n\n\n\n<p>M\u0113s izmantojam j\u016bsu datus, lai uzlabotu \u0161o vietni un jums nodro\u0161in\u0101tu \u0113rt\u0101ku t\u0101s lieto\u0161anu. Izmantojot vietni, j\u016bs piekr\u012btat inform\u0101cijas v\u0101k\u0161anai un izmanto\u0161anai saska\u0146\u0101 ar \u0161o priv\u0101tuma politiku. Ja \u0161aj\u0101 priv\u0101tuma politik\u0101 nav noteikts cit\u0101di, \u0161eit lietotajiem terminiem ir t\u0101das pa\u0161as noz\u012bmes k\u0101 m\u016bsu&nbsp;<a href=\"http:\/\/flotlife.lv\/terms-of-use\">lieto\u0161anas noteikumos<\/a>.<\/p>\n\n\n\n<h2 class=\"wp-block-heading\">INFORM\u0100CIJAS IEV\u0100K\u0160ANA UN IZMANTO\u0160ANA<\/h2>\n\n\n\n<p>M\u0113s apkopojam da\u017e\u0101dus inform\u0101cijas veidus da\u017e\u0101diem m\u0113r\u0137iem, lai nodro\u0161in\u0101tu un uzlabotu jums m\u016bsu t\u012bmek\u013ca vietnes lieto\u0161anu.<\/p>\n\n\n\n<h3 class=\"wp-block-heading\">IEV\u0100KTO DATU VEIDI<\/h3>\n\n\n\n<h4 class=\"wp-block-heading\"><strong>PERSONAS DATI<\/strong><\/h4>\n\n\n\n<p>Izmantojot m\u016bsu vietni, m\u0113s varam pras\u012bt, lai j\u016bs sniedzat mums noteiktu j\u016bsu personu identific\u0113jamu inform\u0101ciju, ko var izmantot, lai sazin\u0101tos ar jums vai identific\u0113tu j\u016bs (\u201cPersonas dati\u201d). Personu identific\u0113jama inform\u0101cija var ietvert, bet ne tikai:<\/p>\n\n\n\n<ul class=\"wp-block-list\"><li>e-pasta adresi<\/li><li>t\u0101lru\u0146a numuru<\/li><li>s\u012bkdatnes un lieto\u0161anas datus<\/li><\/ul>\n\n\n\n<p>Ja vien turpm\u0101kaj\u0101s noda\u013c\u0101s nav nor\u0101d\u012bts cit\u0101di, j\u016bsu personas datu apstr\u0101des juridiskais pamats izriet no t\u0101, ka \u0161\u0101da apstr\u0101de ir nepiecie\u0161ama, lai padar\u012btu pieejamu j\u016bsu piepras\u012bt\u0101s t\u012bmek\u013ca vietnes funkcijas (Visp\u0101r\u0113j\u0101 datu aizsardz\u012bbas regulas 6. panta 1. punkta b) apak\u0161punkts).<\/p>\n\n\n\n<h4 class=\"wp-block-heading\"><strong>LIETO\u0160ANAS DATI<\/strong><\/h4>\n\n\n\n<p>M\u0113s varam ar\u012b apkopot inform\u0101ciju par to, k\u0101 tiek izmantota \u0161\u012b vietne (\u201cLieto\u0161anas dati\u201d). \u0160\u012b lieto\u0161anas inform\u0101cija var ietvert inform\u0101ciju, piem\u0113ram, datora interneta protokola adresi (piem., IP adresi), p\u0101rl\u016bkprogrammas veidu, p\u0101rl\u016bkprogrammas versiju, m\u016bsu vietnes lapas, ko apmekl\u0113jat, apmekl\u0113juma laiku un datumu, laiku, kas pavad\u012bts \u0161aj\u0101s lap\u0101s, unik\u0101lus ier\u012b\u010du identifikatorus un citus diagnostikas datus.<\/p>\n\n\n\n<p>Lai aizsarg\u0101tu m\u016bsu likum\u012bg\u0101s intereses, m\u0113s saglab\u0101sim \u0161\u0101dus datus ierobe\u017eotu laika periodu, lai var\u0113tu uzs\u0101kt personas datu izseko\u0161anu, ja notiek faktiska vai tiek m\u0113\u0123in\u0101ta nesankcion\u0113ta piek\u013cuve m\u016bsu serveriem (Visp\u0101r\u0113j\u0101s datu aizsardz\u012bbas regulas 6. panta 1. punkta f) apak\u0161punkts).<\/p>\n\n\n\n<h4 class=\"wp-block-heading\"><strong>S\u012aKDATNES<\/strong><\/h4>\n\n\n\n<p>M\u0113s izmantojam s\u012bkdatnes un l\u012bdz\u012bgas izseko\u0161anas tehnolo\u0123ijas, lai izsekotu m\u016bsu t\u012bmek\u013ca vietnes darb\u012bbu un saglab\u0101tu noteiktu inform\u0101ciju.<\/p>\n\n\n\n<p>S\u012bkdatnes ir faili ar nelielu datu apjomu, kas var ietvert anon\u012bmu unik\u0101lu identifikatoru. S\u012bkfaili tiek nos\u016bt\u012bti uz j\u016bsu p\u0101rl\u016bkprogrammu no t\u012bmek\u013ca vietnes un saglab\u0101ti j\u016bsu ier\u012bc\u0113. Izmantot\u0101s izseko\u0161anas tehnolo\u0123ijas ir b\u0101kas, tagi un skripti, lai apkopotu un izsekotu inform\u0101ciju un uzlabotu un analiz\u0113tu m\u016bsu t\u012bmek\u013ca vietni. J\u016bs varat uzdot svai p\u0101rl\u016bkprogrammai noraid\u012bt visas s\u012bkdatnes vai nor\u0101d\u012bt, kad tiek nos\u016bt\u012bta s\u012bkdatne. Tom\u0113r, ja j\u016bs nepie\u0146emat s\u012bkdatnes, iesp\u0113jams, nevar\u0113sit izmantot da\u017eas m\u016bsu t\u012bmek\u013ca vietnes da\u013cas.<\/p>\n\n\n\n<p>M\u0113s izmantojam sekojo\u0161as s\u012bkdatnes:<\/p>\n\n\n\n<p><strong>Sesijas s\u012bkdatnes<\/strong>. M\u0113s izmantojam sesijas s\u012bkdatnes, lai darbotos m\u016bsu t\u012bmek\u013ca vietn\u0113.<\/p>\n\n\n\n<h4 class=\"wp-block-heading\"><strong>KONTAKTAFORMU LIETO\u0160ANA<\/strong><\/h4>\n\n\n\n<p>J\u016bs varat sazin\u0101ties ar mums tie\u0161i, izmantojot kontaktinform\u0101cijas veidlapu (kontaktformu), kas pieejama m\u016bsu t\u012bmek\u013ca vietn\u0113, un sniedz mums \u0161\u0101du inform\u0101ciju::<\/p>\n\n\n\n<ul class=\"wp-block-list\"><li>V\u0101rds<\/li><li>Valsts<\/li><li>e-pasta adrese<\/li><li>t\u0101lru\u0146a numurs<\/li><li>zi\u0146ojuma teksts<\/li><\/ul>\n\n\n\n<p>M\u0113s apkopojam, apstr\u0101d\u0101jam un izmantojam j\u016bsu sniegto inform\u0101ciju, izmantojot kontaktformu, tikai j\u016bsu konkr\u0113t\u0101 piepras\u012bjuma apstr\u0101dei.<\/p>\n\n\n\n<h2 class=\"wp-block-heading\">DATU IZMANTO\u0160ANA<\/h2>\n\n\n\n<p>M\u0113s izmantojam sav\u0101ktos datus da\u017e\u0101diem m\u0113r\u0137iem:<\/p>\n\n\n\n<ul class=\"wp-block-list\"><li>Lai nodro\u0161in\u0101tu un uztur\u0113tu t\u012bmek\u013ca vietni.<\/li><li>Lai inform\u0113tu j\u016bs par izmai\u0146\u0101m m\u016bsu t\u012bmek\u013ca vietn\u0113.<\/li><li>Lai \u013cautu jums piedal\u012bties m\u016bsu t\u012bmek\u013ca vietnes interakt\u012bvaj\u0101s funkcij\u0101s, kad izv\u0113laties to dar\u012bt.<\/li><li>Lai nodro\u0161in\u0101tu klientu servisu un atbalstu.<\/li><li>Lai sniegtu anal\u012bzi vai v\u0113rt\u012bgu inform\u0101ciju, kas pal\u012bdz\u0113tu m\u0113s uzlabot t\u012bmek\u013ca vietni.<\/li><li>Lai uzraudz\u012btu t\u012bmek\u013ca vietnes lieto\u0161anu.<\/li><li>Lai atkl\u0101tu, nov\u0113rstu un risin\u0101tu tehniskas probl\u0113mas.<\/li><\/ul>\n\n\n\n<h2 class=\"wp-block-heading\">DATU P\u0100RVIETO\u0160ANA<\/h2>\n\n\n\n<p>J\u016bsu inform\u0101cija, tostarp personas dati, var tikt p\u0101rs\u016bt\u012bti uz datoriem un uzglab\u0101ti datoros, kas atrodas \u0101rpus j\u016bsu valsts vai jurisdikcijas, kur datu aizsardz\u012bbas likumi var at\u0161\u0137irties no j\u016bsu jurisdikcij\u0101 eso\u0161ajiem ties\u012bbu aktiem.<\/p>\n\n\n\n<p>Ja j\u016bs atrodaties \u0101rpus Latvijas Republikas un izv\u0113laties sniegt mums inform\u0101ciju, l\u016bdzu, \u0146emiet v\u0113r\u0101, ka m\u0113s p\u0101rs\u016bt\u0101m datus, ieskaitot personas datus, uz Latvijas Republiku un apstr\u0101d\u0101jam tos tur. J\u016bsu piekri\u0161ana \u0161ai priv\u0101tuma politikai, kam seko \u0161\u0101da inform\u0101cijas iesnieg\u0161ana, ir j\u016bsu piekri\u0161ana datu p\u0101rs\u016bt\u012b\u0161anai.<\/p>\n\n\n\n<p>M\u0113s veiksim visus nepiecie\u0161amos pas\u0101kumus, lai nodro\u0161in\u0101tu, ka j\u016bsu dati tiek apstr\u0101d\u0101ti dro\u0161i un saska\u0146\u0101 ar \u0161o priv\u0101tuma politiku, un personas dati netiks nodoti k\u0101dai organiz\u0101cijai vai valstij, ja vien t\u0101 nenodro\u0161in\u0101s atbilsto\u0161as \u200b\u200bkontroles, ieskaitot j\u016bsu personas datu dro\u0161\u012bbu.<\/p>\n\n\n\n<h2 class=\"wp-block-heading\">DATU ATKL\u0100\u0160ANA<\/h2>\n\n\n\n<h3 class=\"wp-block-heading\">JURIDISK\u0100S PRAS\u012aBAS<\/h3>\n\n\n\n<p>M\u0113s varam izpaust j\u016bsu personiskos datus lab\u0101 tic\u012bb\u0101, ja \u0161\u0101da r\u012bc\u012bba ir nepiecie\u0161ama, lai:<\/p>\n\n\n\n<ul class=\"wp-block-list\"><li>Iev\u0113rotu likumu.<\/li><li>Aizsarg\u0101tu un aizst\u0101v\u0113tu SIA \u201cBC Engineering\u201d ties\u012bbas vai \u012bpa\u0161umu.<\/li><li>Nov\u0113rstu vai izmekl\u0113tu iesp\u0113jamu p\u0101rk\u0101pumu saist\u012bb\u0101 ar \u0161o vietni.<\/li><li>Aizsarg\u0101tu vietnes lietot\u0101ju vai sabiedr\u012bbas personisko dro\u0161\u012bbu.<\/li><li>Veiktu juridisko aizst\u0101v\u012bbu.<\/li><\/ul>\n\n\n\n<h2 class=\"wp-block-heading\">DATU DRO\u0160\u012aBA<\/h2>\n\n\n\n<p>J\u016bsu datu dro\u0161\u012bba mums ir svar\u012bga, bet neaizmirstiet, ka 100% dro\u0161a nav neviena metode, k\u0101 dati tiek p\u0101rraid\u012bti internet\u0101 vai elektroniski uzglab\u0101ti. Lai gan m\u0113s cen\u0161amies izmantot komerci\u0101li pie\u0146emamus l\u012bdzek\u013cus, lai aizsarg\u0101tu j\u016bsu personas datus, m\u0113s nevaram garant\u0113t to absol\u016btu dro\u0161\u012bbu.<\/p>\n\n\n\n<h2 class=\"wp-block-heading\">PAKALPOJUMU SNIEDZ\u0112JI<\/h2>\n\n\n\n<p>M\u0113s varam izmantot tre\u0161o pu\u0161u uz\u0146\u0113mumus un priv\u0101tpersonas (\u201ePakalpojumu sniedz\u0113jus\u201d), lai atvieglotu m\u016bsu t\u012bmek\u013ca vietnes lieto\u0161anu, uztur\u0113tu m\u016bsu t\u012bmek\u013ca vietni, lai veiktu ar t\u012bmek\u013ca vietni saist\u012btus pakalpojumus vai pal\u012bdz\u0113tu mums analiz\u0113t, k\u0101 tiek izmantota m\u016bsu t\u012bmek\u013ca vietne.<\/p>\n\n\n\n<p>\u0160\u012bs tre\u0161\u0101s personas var piek\u013c\u016bt j\u016bsu personas datiem tikai, lai veiktu \u0161os uzdevumus m\u016bsu v\u0101rd\u0101, un vi\u0146iem ir pien\u0101kums tos neizpaust un neizmantot citiem m\u0113r\u0137iem.<\/p>\n\n\n\n<h3 class=\"wp-block-heading\">ANAL\u012aZE<\/h3>\n\n\n\n<p>M\u0113s varam izmantot tre\u0161o pu\u0161u pakalpojumu sniedz\u0113jus, lai uzraudz\u012btu un analiz\u0113tu m\u016bsu t\u012bmek\u013ca vietnes izmanto\u0161anu.<\/p>\n\n\n\n<h3 class=\"wp-block-heading\">GOOGLE ANALYTICS<\/h3>\n\n\n\n<p>Google Analytics ir Google pied\u0101v\u0101tais t\u012bmek\u013ca anal\u012bzes pakalpojums, kas izseko un zi\u0146o par vietnes datpl\u016bsmu. Google izmanto sav\u0101ktos datus, lai izsekotu un uzraudz\u012btu m\u016bsu t\u012bmek\u013ca vietnes izmanto\u0161anu. \u0160ie dati tiek koplietoti ar citiem Google pakalpojumiem. Google var izmantot sav\u0101ktos datus, lai kontekstualiz\u0113tu un personaliz\u0113tu savas rekl\u0101mas t\u012bmekl\u012b. J\u016bs varat atteikties no Google Analytics pieejam\u012bbas j\u016bsu vietn\u0113, instal\u0113jot Google Analytics atteikuma p\u0101rl\u016bka papildin\u0101jumu. Papildin\u0101jums ne\u013cauj Google Analytics JavaScript (ga.js, analytics.js un dc.js) koplietot inform\u0101ciju ar Google Analytics par j\u016bsu viet\u0146u apmekl\u0113jumiem.<\/p>\n\n\n\n<p>Lai ieg\u016btu pla\u0161\u0101ku inform\u0101ciju par Google konfidencialit\u0101tes praksi, l\u016bdzu, apmekl\u0113jiet Google konfidencialit\u0101tes un noteikumu t\u012bmek\u013ca vietni:&nbsp;<a href=\"http:\/\/policies.google.com\/privacy?hl=en\">https:\/\/policies.google.com\/privacy?hl=lv<\/a>.<\/p>\n\n\n\n<h3 class=\"wp-block-heading\">SAITES UZ CIT\u0100M VIETN\u0112M<\/h3>\n\n\n\n<p>M\u016bsu vietn\u0113 var b\u016bt saites uz cit\u0101m vietn\u0113m, kuras nav m\u016bsu p\u0101rzi\u0146\u0101. Ja noklik\u0161\u0137in\u0101siet uz tre\u0161\u0101s puses saites, j\u016bs tiksit novirz\u012bts uz \u0161\u012bs tre\u0161\u0101s puses vietni. M\u0113s stingri iesak\u0101m p\u0101rskat\u012bt katras apmekl\u0113jam\u0101s vietnes priv\u0101tuma politiku.<\/p>\n\n\n\n<p>M\u0113s nekontrol\u0113jam un neuz\u0146emamies nek\u0101du atbild\u012bbu par tre\u0161o personu viet\u0146u vai pakalpojumu saturu, priv\u0101tuma politiku vai r\u012bc\u012bbu.<\/p>\n\n\n\n<h2 class=\"wp-block-heading\">POLITIKA ATTIEC\u012aB\u0100 UZ B\u0112RNIEM<\/h2>\n\n\n\n<p>M\u016bsu t\u012bmek\u013ca vietne neattiecas uz person\u0101m, kas jaun\u0101kas par 18 gadiem (\u201eB\u0113rni\u201d).<\/p>\n\n\n\n<p>M\u0113s apzin\u0101ti nesa\u0146emam personiski identific\u0113jamu inform\u0101ciju no person\u0101m, kas jaun\u0101kas par 18 gadiem. Ja esat vec\u0101ks vai aizbildnis, un j\u016bs zin\u0101t, ka j\u016bsu b\u0113rni mums ir sniegu\u0161i savus personas datus, l\u016bdzu, sazinieties ar mums. Ja m\u0113s uzzin\u0101sim, ka m\u0113s esam sav\u0101ku\u0161i personas datus no b\u0113rniem bez vec\u0101ku piekri\u0161anas p\u0101rbaudes, m\u0113s veiksim pas\u0101kumus, lai no\u0146emtu \u0161o inform\u0101ciju no m\u016bsu serveriem.<\/p>\n\n\n\n<h2 class=\"wp-block-heading\">INFORM\u0100CIJA PAR J\u016aSU TIES\u012aB\u0100M<\/h2>\n\n\n\n<p>Jums ir pieejamas \u0161\u0101das ties\u012bbas saska\u0146\u0101 ar piem\u0113rojamiem datu priv\u0101tuma likumiem:<\/p>\n\n\n\n<ul class=\"wp-block-list\"><li>Ties\u012bbas uz inform\u0101ciju par m\u016bsu glab\u0101tajiem j\u016bsu personas datiem.<\/li><li>Ties\u012bbas piepras\u012bt j\u016bsu personas datu labo\u0161anu, dz\u0113\u0161anu vai ierobe\u017eotu apstr\u0101di.<\/li><li>Ties\u012bbas izteikt iebildumus pret apstr\u0101di m\u016bsu pa\u0161u likum\u012bgo intere\u0161u vai sabiedr\u012bbas intere\u0161u d\u0113\u013c, ja vien m\u0113s nevaram pier\u0101d\u012bt, ka past\u0101v p\u0101rliecino\u0161i, pamatoti iemesli, kas aizst\u0101j j\u016bsu intereses, ties\u012bbas un br\u012bv\u012bbu, vai ka \u0161\u0101da apstr\u0101de tiek veikta ar m\u0113r\u0137i juridisko pras\u012bbu apstiprin\u0101\u0161anai, \u012bsteno\u0161anai vai aizst\u0101v\u0113\u0161anai.<\/li><li>Ties\u012bbas uz datu p\u0101rnesam\u012bbu.<\/li><li>Ties\u012bbas iesniegt s\u016bdz\u012bbu datu aizsardz\u012bbas iest\u0101d\u0113.<\/li><li>J\u016bs varat jebkur\u0101 laik\u0101 atsaukt savu piekri\u0161anu j\u016bsu personas datu v\u0101k\u0161anai, apstr\u0101dei un izmanto\u0161anai. Lai ieg\u016btu s\u012bk\u0101ku inform\u0101ciju, l\u016bdzu, skatiet iepriek\u0161 min\u0113t\u0101s noda\u013cas, kur\u0101s aprakst\u012bta datu apstr\u0101de, pamatojoties uz j\u016bsu piekri\u0161anu.<\/li><\/ul>\n\n\n\n<p>Ja v\u0113laties izmantot savas ties\u012bbas, l\u016bdzu, nos\u016btiet savu piepras\u012bjumu uz zem\u0101k nor\u0101d\u012bto e-pasta adresi.<\/p>\n\n\n\n<h2 class=\"wp-block-heading\">KONTAKTI<\/h2>\n\n\n\n<p>Visus jaut\u0101jumus, kas jums var rasties saist\u012bb\u0101 ar \u0161o priv\u0101tuma politiku un datu konfidencialit\u0101ti, l\u016bdzu, rakstiet uz e-pastu: info@flotlife.com.<\/p>\n\n\n\n<h2 class=\"wp-block-heading\">IZMAI\u0145AS \u0160AJ\u0100 PRIV\u0100TUMA POLITIK\u0100<\/h2>\n\n\n\n<p>M\u0113s laiku pa laikam varam atjaunin\u0101t m\u016bsu priv\u0101tuma politiku. M\u0113s iesak\u0101m jums periodiski p\u0101rskat\u012bt \u0161o priv\u0101tuma politiku, lai zin\u0101tu, k\u0101das izmai\u0146as ir tiku\u0161as veiktas. \u0160\u012bs priv\u0101tuma politikas izmai\u0146as ir sp\u0113k\u0101, kad t\u0101s tiek public\u0113tas \u0161aj\u0101 lap\u0101.<\/p>\n\n\n\n<p>P\u0113d\u0113j\u0101s atjauno\u0161anas datums: 2019. gada 3. marts.<\/p>\n","protected":false},"excerpt":{"rendered":"<p>\u0160o t\u012bmek\u013ca vietni (turpm\u0101k tekst\u0101 \u2013 \u201cT\u012bmek\u013ca vietne\u201d) p\u0101rvalda SIA \u201cBC Engineering\u201d (\u201cmums\u201d, \u201cm\u0113s\u201d vai \u201em\u016bsu\u201d). Pla\u0161\u0101ku inform\u0101ciju par t\u012bmek\u013ca vietnes sniedz\u0113ju, l\u016bdzu, skatiet sada\u013c\u0101&nbsp;Zi\u0146as par izdev\u0113ju. \u0160\u012b lapa inform\u0113 j\u016bs par m\u016bsu politiku attiec\u012bb\u0101 uz personas datu v\u0101k\u0161anu, izmanto\u0161anu un izpau\u0161anu, kad izmantojat m\u016bsu vietni un izv\u0113li, kuru saist\u0101t ar \u0161iem datiem. M\u0113s izmantojam [&hellip;]<\/p>\n","protected":false},"author":1,"featured_media":0,"parent":0,"menu_order":0,"comment_status":"closed","ping_status":"open","template":"","meta":{"footnotes":""},"class_list":["post-590","page","type-page","status-publish","hentry"],"_links":{"self":[{"href":"https:\/\/sd.flotlife.com\/lv\/wp-json\/wp\/v2\/pages\/590","targetHints":{"allow":["GET"]}}],"collection":[{"href":"https:\/\/sd.flotlife.com\/lv\/wp-json\/wp\/v2\/pages"}],"about":[{"href":"https:\/\/sd.flotlife.com\/lv\/wp-json\/wp\/v2\/types\/page"}],"author":[{"embeddable":true,"href":"https:\/\/sd.flotlife.com\/lv\/wp-json\/wp\/v2\/users\/1"}],"replies":[{"embeddable":true,"href":"https:\/\/sd.flotlife.com\/lv\/wp-json\/wp\/v2\/comments?post=590"}],"version-history":[{"count":1,"href":"https:\/\/sd.flotlife.com\/lv\/wp-json\/wp\/v2\/pages\/590\/revisions"}],"predecessor-version":[{"id":591,"href":"https:\/\/sd.flotlife.com\/lv\/wp-json\/wp\/v2\/pages\/590\/revisions\/591"}],"wp:attachment":[{"href":"https:\/\/sd.flotlife.com\/lv\/wp-json\/wp\/v2\/media?parent=590"}],"curies":[{"name":"wp","href":"https:\/\/api.w.org\/{rel}","templated":true}]}}